{"id":256,"date":"2025-11-17T23:11:26","date_gmt":"2025-11-17T23:11:26","guid":{"rendered":"https:\/\/turmoildesign.com\/?page_id=256"},"modified":"2025-11-24T12:34:23","modified_gmt":"2025-11-24T12:34:23","slug":"el-widow-maker","status":"publish","type":"page","link":"https:\/\/turmoildesign.com\/en\/el-widow-maker\/","title":{"rendered":"El Widow Maker"},"content":{"rendered":"\t\t<div data-elementor-type=\"wp-page\" data-elementor-id=\"256\" class=\"elementor elementor-256\">\n\t\t\t\t<div class=\"elementor-element elementor-element-d7f54d0 e-flex e-con-boxed e-con e-parent\" data-id=\"d7f54d0\" data-element_type=\"container\" data-e-type=\"container\" data-settings=\"{&quot;background_background&quot;:&quot;classic&quot;}\">\n\t\t\t\t\t<div class=\"e-con-inner\">\n\t\t<div class=\"elementor-element elementor-element-cfa192f e-con-full e-flex e-con e-child\" data-id=\"cfa192f\" data-element_type=\"container\" data-e-type=\"container\">\n\t\t\t\t<div class=\"elementor-element elementor-element-160d9e1 elementor-view-default elementor-widget elementor-widget-icon\" data-id=\"160d9e1\" data-element_type=\"widget\" data-e-type=\"widget\" data-widget_type=\"icon.default\">\n\t\t\t\t\t\t\t<div class=\"elementor-icon-wrapper\">\n\t\t\t<div class=\"elementor-icon\">\n\t\t\t<svg aria-hidden=\"true\" class=\"e-font-icon-svg e-fas-square\" viewBox=\"0 0 448 512\" xmlns=\"http:\/\/www.w3.org\/2000\/svg\"><path d=\"M400 32H48C21.5 32 0 53.5 0 80v352c0 26.5 21.5 48 48 48h352c26.5 0 48-21.5 48-48V80c0-26.5-21.5-48-48-48z\"><\/path><\/svg>\t\t\t<\/div>\n\t\t<\/div>\n\t\t\t\t\t\t<\/div>\n\t\t\t\t<div class=\"elementor-element elementor-element-63a0117 elementor-widget elementor-widget-heading\" data-id=\"63a0117\" data-element_type=\"widget\" data-e-type=\"widget\" data-widget_type=\"heading.default\">\n\t\t\t\t\t<h2 class=\"elementor-heading-title elementor-size-default\">El Widow Maker<\/h2>\t\t\t\t<\/div>\n\t\t\t\t<\/div>\n\t\t<div class=\"elementor-element elementor-element-3865229 e-con-full e-flex e-con e-child\" data-id=\"3865229\" data-element_type=\"container\" data-e-type=\"container\">\n\t\t\t\t<div class=\"elementor-element elementor-element-2eed9ce elementor-widget__width-initial elementor-widget elementor-widget-text-editor\" data-id=\"2eed9ce\" data-element_type=\"widget\" data-e-type=\"widget\" data-widget_type=\"text-editor.default\">\n\t\t\t\t\t\t\t\t\t<section id=\"portefolio\"><div class=\"container projects\"><p>Este projeto resume a jornada de cria\u00e7\u00e3o de uma marca de molhos picantes, dando vida \u00e0 sua identidade, mantendo-se fiel \u00e0 sua ess\u00eancia.<\/p><\/div><\/section>\t\t\t\t\t\t\t\t<\/div>\n\t\t\t\t<div class=\"elementor-element elementor-element-69249cf elementor-align-left elementor-widget__width-inherit elementor-widget elementor-widget-button\" data-id=\"69249cf\" data-element_type=\"widget\" data-e-type=\"widget\" data-widget_type=\"button.default\">\n\t\t\t\t\t\t\t\t\t\t<a class=\"elementor-button elementor-button-link elementor-size-sm\" href=\"https:\/\/turmoildesign.com\/portfolio\/\">\n\t\t\t\t\t\t<span class=\"elementor-button-content-wrapper\">\n\t\t\t\t\t\t<span class=\"elementor-button-icon\">\n\t\t\t\t<svg aria-hidden=\"true\" class=\"e-font-icon-svg e-fas-arrow-left\" viewBox=\"0 0 448 512\" xmlns=\"http:\/\/www.w3.org\/2000\/svg\"><path d=\"M257.5 445.1l-22.2 22.2c-9.4 9.4-24.6 9.4-33.9 0L7 273c-9.4-9.4-9.4-24.6 0-33.9L201.4 44.7c9.4-9.4 24.6-9.4 33.9 0l22.2 22.2c9.5 9.5 9.3 25-.4 34.3L136.6 216H424c13.3 0 24 10.7 24 24v32c0 13.3-10.7 24-24 24H136.6l120.5 114.8c9.8 9.3 10 24.8.4 34.3z\"><\/path><\/svg>\t\t\t<\/span>\n\t\t\t\t\t\t\t\t\t<span class=\"elementor-button-text\">Voltar ao Portef\u00f3lio<\/span>\n\t\t\t\t\t<\/span>\n\t\t\t\t\t<\/a>\n\t\t\t\t\t\t\t\t<\/div>\n\t\t\t\t<\/div>\n\t\t<div class=\"elementor-element elementor-element-93ff61a e-grid e-con-full e-con e-child\" data-id=\"93ff61a\" data-element_type=\"container\" data-e-type=\"container\">\n\t\t\t\t<div class=\"elementor-element elementor-element-ef5a802 elementor-pagination-position-outside elementor-widget elementor-widget-image-carousel\" data-id=\"ef5a802\" data-element_type=\"widget\" data-e-type=\"widget\" data-settings=\"{&quot;slides_to_show&quot;:&quot;1&quot;,&quot;navigation&quot;:&quot;dots&quot;,&quot;autoplay&quot;:&quot;yes&quot;,&quot;pause_on_hover&quot;:&quot;yes&quot;,&quot;pause_on_interaction&quot;:&quot;yes&quot;,&quot;autoplay_speed&quot;:5000,&quot;infinite&quot;:&quot;yes&quot;,&quot;effect&quot;:&quot;slide&quot;,&quot;speed&quot;:500}\" data-widget_type=\"image-carousel.default\">\n\t\t\t\t\t\t\t<div class=\"elementor-image-carousel-wrapper swiper\" role=\"region\" aria-roledescription=\"carousel\" aria-label=\"Image Carousel\" dir=\"ltr\">\n\t\t\t<div class=\"elementor-image-carousel swiper-wrapper swiper-image-stretch\" aria-live=\"off\">\n\t\t\t\t\t\t\t\t<div class=\"swiper-slide\" role=\"group\" aria-roledescription=\"slide\" aria-label=\"1 of 4\"><figure class=\"swiper-slide-inner\"><img decoding=\"async\" class=\"swiper-slide-image\" src=\"https:\/\/turmoildesign.com\/wp-content\/uploads\/2025\/11\/social-media1.png\" alt=\"Mock up de dois smartphones com posts de instagram sobre El Widow Maker\" \/><\/figure><\/div><div class=\"swiper-slide\" role=\"group\" aria-roledescription=\"slide\" aria-label=\"2 of 4\"><figure class=\"swiper-slide-inner\"><img decoding=\"async\" class=\"swiper-slide-image\" src=\"https:\/\/turmoildesign.com\/wp-content\/uploads\/2025\/11\/el-widow-maker-bottle1.jpg\" alt=\"Mockup de aplica\u00e7\u00e3o de um sticker numa garrafa com o log\u00f3tipo El Widow Maker\" \/><\/figure><\/div><div class=\"swiper-slide\" role=\"group\" aria-roledescription=\"slide\" aria-label=\"3 of 4\"><figure class=\"swiper-slide-inner\"><img decoding=\"async\" class=\"swiper-slide-image\" src=\"https:\/\/turmoildesign.com\/wp-content\/uploads\/2025\/11\/el-widow-maker.png\" alt=\"Visualiza\u00e7\u00e3o de branding do El Widow Maker\" \/><\/figure><\/div><div class=\"swiper-slide\" role=\"group\" aria-roledescription=\"slide\" aria-label=\"4 of 4\"><figure class=\"swiper-slide-inner\"><img decoding=\"async\" class=\"swiper-slide-image\" src=\"https:\/\/turmoildesign.com\/wp-content\/uploads\/2025\/11\/Motto.png\" alt=\"Motto de El Widow Maker\" \/><\/figure><\/div>\t\t\t<\/div>\n\t\t\t\t\t\t\t\n\t\t\t\t\t\t\t\t\t<div class=\"swiper-pagination\"><\/div>\n\t\t\t\t\t\t\t\t\t<\/div>\n\t\t\t\t\t\t<\/div>\n\t\t<div class=\"elementor-element elementor-element-fa9e370 e-con-full e-flex e-con e-child\" data-id=\"fa9e370\" data-element_type=\"container\" data-e-type=\"container\">\n\t\t\t\t<div class=\"elementor-element elementor-element-80c52d2 elementor-widget elementor-widget-heading\" data-id=\"80c52d2\" data-element_type=\"widget\" data-e-type=\"widget\" data-widget_type=\"heading.default\">\n\t\t\t\t\t<h3 class=\"elementor-heading-title elementor-size-default\">Vis\u00e3o Geral<\/h3>\t\t\t\t<\/div>\n\t\t\t\t<div class=\"elementor-element elementor-element-9861f2a elementor-widget elementor-widget-text-editor\" data-id=\"9861f2a\" data-element_type=\"widget\" data-e-type=\"widget\" data-widget_type=\"text-editor.default\">\n\t\t\t\t\t\t\t\t\t<p>O principal objetivo deste projeto era criar uma identidade de marca din\u00e2mica e memor\u00e1vel para a El Widow Maker, que ressoasse junto dos entusiastas de molhos picantes e dos rec\u00e9m-chegados. Isto envolveu uma revis\u00e3o abrangente dos elementos visuais e das mensagens da marca para transmitir a sua hist\u00f3ria \u00fanica e o seu compromisso com a qualidade.<\/p>\t\t\t\t\t\t\t\t<\/div>\n\t\t\t\t<div class=\"elementor-element elementor-element-747cb2a elementor-widget elementor-widget-spacer\" data-id=\"747cb2a\" data-element_type=\"widget\" data-e-type=\"widget\" data-widget_type=\"spacer.default\">\n\t\t\t\t\t\t\t<div class=\"elementor-spacer\">\n\t\t\t<div class=\"elementor-spacer-inner\"><\/div>\n\t\t<\/div>\n\t\t\t\t\t\t<\/div>\n\t\t\t\t<div class=\"elementor-element elementor-element-077b963 elementor-widget elementor-widget-heading\" data-id=\"077b963\" data-element_type=\"widget\" data-e-type=\"widget\" data-widget_type=\"heading.default\">\n\t\t\t\t\t<h3 class=\"elementor-heading-title elementor-size-default\">Solu\u00e7\u00e3o<\/h3>\t\t\t\t<\/div>\n\t\t\t\t<div class=\"elementor-element elementor-element-5c02304 elementor-widget elementor-widget-text-editor\" data-id=\"5c02304\" data-element_type=\"widget\" data-e-type=\"widget\" data-widget_type=\"text-editor.default\">\n\t\t\t\t\t\t\t\t\t<p>Inspirado na rica tradi\u00e7\u00e3o dos sabores mexicanos e na sensa\u00e7\u00e3o estimulante do gourmet, o conceito por detr\u00e1s da nova marca El Widow Maker est\u00e1 enraizado na autenticidade e, no entanto, na eleg\u00e2ncia. Com base numa paleta de cores brutais, conhecida pela sua pot\u00eancia e fasc\u00ednio, a marca incorpora o esp\u00edrito de explora\u00e7\u00e3o ousada e a emo\u00e7\u00e3o da descoberta culin\u00e1ria.<\/p>\t\t\t\t\t\t\t\t<\/div>\n\t\t\t\t<\/div>\n\t\t\t\t<\/div>\n\t\t\t\t\t<\/div>\n\t\t\t\t<\/div>\n\t\t<div class=\"elementor-element elementor-element-1ecfb48 e-flex e-con-boxed e-con e-parent\" data-id=\"1ecfb48\" data-element_type=\"container\" data-e-type=\"container\" data-settings=\"{&quot;background_background&quot;:&quot;classic&quot;}\">\n\t\t\t\t\t<div class=\"e-con-inner\">\n\t\t<div class=\"elementor-element elementor-element-a633075 e-con-full e-flex e-con e-child\" data-id=\"a633075\" data-element_type=\"container\" data-e-type=\"container\" data-settings=\"{&quot;background_background&quot;:&quot;classic&quot;}\">\n\t\t<div class=\"elementor-element elementor-element-bf0c080 e-con-full e-flex e-con e-child\" data-id=\"bf0c080\" data-element_type=\"container\" data-e-type=\"container\">\n\t\t\t\t<div class=\"elementor-element elementor-element-a7d54d7 elementor-widget elementor-widget-heading\" data-id=\"a7d54d7\" data-element_type=\"widget\" data-e-type=\"widget\" data-widget_type=\"heading.default\">\n\t\t\t\t\t<h3 class=\"elementor-heading-title elementor-size-default\">Informa\u00e7\u00e3o do Projecto<\/h3>\t\t\t\t<\/div>\n\t\t\t\t<\/div>\n\t\t\t\t<\/div>\n\t\t<div class=\"elementor-element elementor-element-3209845 e-grid e-con-full e-con e-child\" data-id=\"3209845\" data-element_type=\"container\" data-e-type=\"container\" data-settings=\"{&quot;background_background&quot;:&quot;classic&quot;}\">\n\t\t<div class=\"elementor-element elementor-element-e49c0ca e-con-full e-flex e-con e-child\" data-id=\"e49c0ca\" data-element_type=\"container\" data-e-type=\"container\">\n\t\t\t\t<div class=\"elementor-element elementor-element-87abbf9 elementor-widget elementor-widget-text-editor\" data-id=\"87abbf9\" data-element_type=\"widget\" data-e-type=\"widget\" data-widget_type=\"text-editor.default\">\n\t\t\t\t\t\t\t\t\t<p><strong>[Categoria]<\/strong> Branding<\/p>\t\t\t\t\t\t\t\t<\/div>\n\t\t\t\t<\/div>\n\t\t<div class=\"elementor-element elementor-element-4870ce5 e-con-full e-flex e-con e-child\" data-id=\"4870ce5\" data-element_type=\"container\" data-e-type=\"container\">\n\t\t\t\t<div class=\"elementor-element elementor-element-c4f1201 elementor-widget elementor-widget-text-editor\" data-id=\"c4f1201\" data-element_type=\"widget\" data-e-type=\"widget\" data-widget_type=\"text-editor.default\">\n\t\t\t\t\t\t\t\t\t<p><strong>[Plataforma]<\/strong> Adobe Cloud<\/p>\t\t\t\t\t\t\t\t<\/div>\n\t\t\t\t<\/div>\n\t\t<div class=\"elementor-element elementor-element-ca47ba8 e-con-full e-flex e-con e-child\" data-id=\"ca47ba8\" data-element_type=\"container\" data-e-type=\"container\">\n\t\t\t\t<div class=\"elementor-element elementor-element-50d832b elementor-widget elementor-widget-text-editor\" data-id=\"50d832b\" data-element_type=\"widget\" data-e-type=\"widget\" data-widget_type=\"text-editor.default\">\n\t\t\t\t\t\t\t\t\t<p><strong>[Data]<\/strong> 2023<\/p>\t\t\t\t\t\t\t\t<\/div>\n\t\t\t\t<\/div>\n\t\t\t\t<\/div>\n\t\t\t\t\t<\/div>\n\t\t\t\t<\/div>\n\t\t\t\t<\/div>\n\t\t","protected":false},"excerpt":{"rendered":"<p>El Widow Maker Este projeto resume a jornada de cria\u00e7\u00e3o de uma marca de molhos picantes, dando vida \u00e0 sua [&hellip;]<\/p>\n","protected":false},"author":1,"featured_media":0,"parent":0,"menu_order":0,"comment_status":"closed","ping_status":"closed","template":"","meta":{"site-sidebar-layout":"no-sidebar","site-content-layout":"","ast-site-content-layout":"full-width-container","site-content-style":"default","site-sidebar-style":"default","ast-global-header-display":"","ast-banner-title-visibility":"","ast-main-header-display":"","ast-hfb-above-header-display":"","ast-hfb-below-header-display":"","ast-hfb-mobile-header-display":"","site-post-title":"disabled","ast-breadcrumbs-content":"","ast-featured-img":"disabled","footer-sml-layout":"","ast-disable-related-posts":"","theme-transparent-header-meta":"","adv-header-id-meta":"","stick-header-meta":"","header-above-stick-meta":"","header-main-stick-meta":"","header-below-stick-meta":"","astra-migrate-meta-layouts":"default","ast-page-background-enabled":"default","ast-page-background-meta":{"desktop":{"background-color":"var(--ast-global-color-5)","background-image":"","background-repeat":"repeat","background-position":"center center","background-size":"auto","background-attachment":"scroll","background-type":"","background-media":"","overlay-type":"","overlay-color":"","overlay-opacity":"","overlay-gradient":""},"tablet":{"background-color":"","background-image":"","background-repeat":"repeat","background-position":"center center","background-size":"auto","background-attachment":"scroll","background-type":"","background-media":"","overlay-type":"","overlay-color":"","overlay-opacity":"","overlay-gradient":""},"mobile":{"background-color":"","background-image":"","background-repeat":"repeat","background-position":"center center","background-size":"auto","background-attachment":"scroll","background-type":"","background-media":"","overlay-type":"","overlay-color":"","overlay-opacity":"","overlay-gradient":""}},"ast-content-background-meta":{"desktop":{"background-color":"var(--ast-global-color-4)","background-image":"","background-repeat":"repeat","background-position":"center center","background-size":"auto","background-attachment":"scroll","background-type":"","background-media":"","overlay-type":"","overlay-color":"","overlay-opacity":"","overlay-gradient":""},"tablet":{"background-color":"var(--ast-global-color-4)","background-image":"","background-repeat":"repeat","background-position":"center center","background-size":"auto","background-attachment":"scroll","background-type":"","background-media":"","overlay-type":"","overlay-color":"","overlay-opacity":"","overlay-gradient":""},"mobile":{"background-color":"var(--ast-global-color-4)","background-image":"","background-repeat":"repeat","background-position":"center center","background-size":"auto","background-attachment":"scroll","background-type":"","background-media":"","overlay-type":"","overlay-color":"","overlay-opacity":"","overlay-gradient":""}},"footnotes":""},"class_list":["post-256","page","type-page","status-publish","hentry"],"yoast_head":"<!-- This site is optimized with the Yoast SEO plugin v27.3 - https:\/\/yoast.com\/product\/yoast-seo-wordpress\/ -->\n<title>El Widow Maker - Turmoil Design<\/title>\n<meta name=\"description\" content=\"Descubra como desenvolvemos esta identidade de marca. Com a nossa estrat\u00e9gia de branding, cri\u00e1mos uma marca coesa e impactante.\" \/>\n<meta name=\"robots\" content=\"index, follow, max-snippet:-1, max-image-preview:large, max-video-preview:-1\" \/>\n<link rel=\"canonical\" href=\"https:\/\/turmoildesign.com\/en\/el-widow-maker\/\" \/>\n<meta property=\"og:locale\" content=\"en_GB\" \/>\n<meta property=\"og:type\" content=\"article\" \/>\n<meta property=\"og:title\" content=\"El Widow Maker - Turmoil Design\" \/>\n<meta property=\"og:description\" content=\"Descubra como desenvolvemos esta identidade de marca. Com a nossa estrat\u00e9gia de branding, cri\u00e1mos uma marca coesa e impactante.\" \/>\n<meta property=\"og:url\" content=\"https:\/\/turmoildesign.com\/en\/el-widow-maker\/\" \/>\n<meta property=\"og:site_name\" content=\"Turmoil Design\" \/>\n<meta property=\"article:modified_time\" content=\"2025-11-24T12:34:23+00:00\" \/>\n<meta property=\"og:image\" content=\"https:\/\/turmoildesign.com\/wp-content\/uploads\/2025\/11\/social-media1.png\" \/>\n<meta name=\"twitter:card\" content=\"summary_large_image\" \/>\n<meta name=\"twitter:label1\" content=\"Estimated reading time\" \/>\n\t<meta name=\"twitter:data1\" content=\"2 minutes\" \/>\n<script type=\"application\/ld+json\" class=\"yoast-schema-graph\">{\"@context\":\"https:\\\/\\\/schema.org\",\"@graph\":[{\"@type\":\"WebPage\",\"@id\":\"https:\\\/\\\/turmoildesign.com\\\/el-widow-maker\\\/\",\"url\":\"https:\\\/\\\/turmoildesign.com\\\/el-widow-maker\\\/\",\"name\":\"El Widow Maker - Turmoil Design\",\"isPartOf\":{\"@id\":\"https:\\\/\\\/turmoildesign.com\\\/#website\"},\"primaryImageOfPage\":{\"@id\":\"https:\\\/\\\/turmoildesign.com\\\/el-widow-maker\\\/#primaryimage\"},\"image\":{\"@id\":\"https:\\\/\\\/turmoildesign.com\\\/el-widow-maker\\\/#primaryimage\"},\"thumbnailUrl\":\"https:\\\/\\\/turmoildesign.com\\\/wp-content\\\/uploads\\\/2025\\\/11\\\/social-media1.png\",\"datePublished\":\"2025-11-17T23:11:26+00:00\",\"dateModified\":\"2025-11-24T12:34:23+00:00\",\"description\":\"Descubra como desenvolvemos esta identidade de marca. Com a nossa estrat\u00e9gia de branding, cri\u00e1mos uma marca coesa e impactante.\",\"breadcrumb\":{\"@id\":\"https:\\\/\\\/turmoildesign.com\\\/el-widow-maker\\\/#breadcrumb\"},\"inLanguage\":\"en-GB\",\"potentialAction\":[{\"@type\":\"ReadAction\",\"target\":[\"https:\\\/\\\/turmoildesign.com\\\/el-widow-maker\\\/\"]}]},{\"@type\":\"ImageObject\",\"inLanguage\":\"en-GB\",\"@id\":\"https:\\\/\\\/turmoildesign.com\\\/el-widow-maker\\\/#primaryimage\",\"url\":\"https:\\\/\\\/turmoildesign.com\\\/wp-content\\\/uploads\\\/2025\\\/11\\\/social-media1.png\",\"contentUrl\":\"https:\\\/\\\/turmoildesign.com\\\/wp-content\\\/uploads\\\/2025\\\/11\\\/social-media1.png\"},{\"@type\":\"BreadcrumbList\",\"@id\":\"https:\\\/\\\/turmoildesign.com\\\/el-widow-maker\\\/#breadcrumb\",\"itemListElement\":[{\"@type\":\"ListItem\",\"position\":1,\"name\":\"Home\",\"item\":\"https:\\\/\\\/turmoildesign.com\\\/\"},{\"@type\":\"ListItem\",\"position\":2,\"name\":\"El Widow Maker\"}]},{\"@type\":\"WebSite\",\"@id\":\"https:\\\/\\\/turmoildesign.com\\\/#website\",\"url\":\"https:\\\/\\\/turmoildesign.com\\\/\",\"name\":\"Turmoil Design\",\"description\":\"Digital Solutions\",\"publisher\":{\"@id\":\"https:\\\/\\\/turmoildesign.com\\\/#organization\"},\"potentialAction\":[{\"@type\":\"SearchAction\",\"target\":{\"@type\":\"EntryPoint\",\"urlTemplate\":\"https:\\\/\\\/turmoildesign.com\\\/?s={search_term_string}\"},\"query-input\":{\"@type\":\"PropertyValueSpecification\",\"valueRequired\":true,\"valueName\":\"search_term_string\"}}],\"inLanguage\":\"en-GB\"},{\"@type\":\"Organization\",\"@id\":\"https:\\\/\\\/turmoildesign.com\\\/#organization\",\"name\":\"Turmoil Design\",\"url\":\"https:\\\/\\\/turmoildesign.com\\\/\",\"logo\":{\"@type\":\"ImageObject\",\"inLanguage\":\"en-GB\",\"@id\":\"https:\\\/\\\/turmoildesign.com\\\/#\\\/schema\\\/logo\\\/image\\\/\",\"url\":\"https:\\\/\\\/turmoildesign.com\\\/wp-content\\\/uploads\\\/2025\\\/11\\\/turmoil-white.jpg\",\"contentUrl\":\"https:\\\/\\\/turmoildesign.com\\\/wp-content\\\/uploads\\\/2025\\\/11\\\/turmoil-white.jpg\",\"width\":1525,\"height\":433,\"caption\":\"Turmoil Design\"},\"image\":{\"@id\":\"https:\\\/\\\/turmoildesign.com\\\/#\\\/schema\\\/logo\\\/image\\\/\"},\"sameAs\":[\"https:\\\/\\\/www.instagram.com\\\/turmoil.design\\\/\"]}]}<\/script>\n<!-- \/ Yoast SEO plugin. -->","yoast_head_json":{"title":"El Widow Maker - Turmoil Design","description":"Descubra como desenvolvemos esta identidade de marca. Com a nossa estrat\u00e9gia de branding, cri\u00e1mos uma marca coesa e impactante.","robots":{"index":"index","follow":"follow","max-snippet":"max-snippet:-1","max-image-preview":"max-image-preview:large","max-video-preview":"max-video-preview:-1"},"canonical":"https:\/\/turmoildesign.com\/en\/el-widow-maker\/","og_locale":"en_GB","og_type":"article","og_title":"El Widow Maker - Turmoil Design","og_description":"Descubra como desenvolvemos esta identidade de marca. Com a nossa estrat\u00e9gia de branding, cri\u00e1mos uma marca coesa e impactante.","og_url":"https:\/\/turmoildesign.com\/en\/el-widow-maker\/","og_site_name":"Turmoil Design","article_modified_time":"2025-11-24T12:34:23+00:00","og_image":[{"url":"https:\/\/turmoildesign.com\/wp-content\/uploads\/2025\/11\/social-media1.png","type":"","width":"","height":""}],"twitter_card":"summary_large_image","twitter_misc":{"Estimated reading time":"2 minutes"},"schema":{"@context":"https:\/\/schema.org","@graph":[{"@type":"WebPage","@id":"https:\/\/turmoildesign.com\/el-widow-maker\/","url":"https:\/\/turmoildesign.com\/el-widow-maker\/","name":"El Widow Maker - Turmoil Design","isPartOf":{"@id":"https:\/\/turmoildesign.com\/#website"},"primaryImageOfPage":{"@id":"https:\/\/turmoildesign.com\/el-widow-maker\/#primaryimage"},"image":{"@id":"https:\/\/turmoildesign.com\/el-widow-maker\/#primaryimage"},"thumbnailUrl":"https:\/\/turmoildesign.com\/wp-content\/uploads\/2025\/11\/social-media1.png","datePublished":"2025-11-17T23:11:26+00:00","dateModified":"2025-11-24T12:34:23+00:00","description":"Descubra como desenvolvemos esta identidade de marca. Com a nossa estrat\u00e9gia de branding, cri\u00e1mos uma marca coesa e impactante.","breadcrumb":{"@id":"https:\/\/turmoildesign.com\/el-widow-maker\/#breadcrumb"},"inLanguage":"en-GB","potentialAction":[{"@type":"ReadAction","target":["https:\/\/turmoildesign.com\/el-widow-maker\/"]}]},{"@type":"ImageObject","inLanguage":"en-GB","@id":"https:\/\/turmoildesign.com\/el-widow-maker\/#primaryimage","url":"https:\/\/turmoildesign.com\/wp-content\/uploads\/2025\/11\/social-media1.png","contentUrl":"https:\/\/turmoildesign.com\/wp-content\/uploads\/2025\/11\/social-media1.png"},{"@type":"BreadcrumbList","@id":"https:\/\/turmoildesign.com\/el-widow-maker\/#breadcrumb","itemListElement":[{"@type":"ListItem","position":1,"name":"Home","item":"https:\/\/turmoildesign.com\/"},{"@type":"ListItem","position":2,"name":"El Widow Maker"}]},{"@type":"WebSite","@id":"https:\/\/turmoildesign.com\/#website","url":"https:\/\/turmoildesign.com\/","name":"Turmoil Design","description":"Digital Solutions","publisher":{"@id":"https:\/\/turmoildesign.com\/#organization"},"potentialAction":[{"@type":"SearchAction","target":{"@type":"EntryPoint","urlTemplate":"https:\/\/turmoildesign.com\/?s={search_term_string}"},"query-input":{"@type":"PropertyValueSpecification","valueRequired":true,"valueName":"search_term_string"}}],"inLanguage":"en-GB"},{"@type":"Organization","@id":"https:\/\/turmoildesign.com\/#organization","name":"Turmoil Design","url":"https:\/\/turmoildesign.com\/","logo":{"@type":"ImageObject","inLanguage":"en-GB","@id":"https:\/\/turmoildesign.com\/#\/schema\/logo\/image\/","url":"https:\/\/turmoildesign.com\/wp-content\/uploads\/2025\/11\/turmoil-white.jpg","contentUrl":"https:\/\/turmoildesign.com\/wp-content\/uploads\/2025\/11\/turmoil-white.jpg","width":1525,"height":433,"caption":"Turmoil Design"},"image":{"@id":"https:\/\/turmoildesign.com\/#\/schema\/logo\/image\/"},"sameAs":["https:\/\/www.instagram.com\/turmoil.design\/"]}]}},"_links":{"self":[{"href":"https:\/\/turmoildesign.com\/en\/wp-json\/wp\/v2\/pages\/256","targetHints":{"allow":["GET"]}}],"collection":[{"href":"https:\/\/turmoildesign.com\/en\/wp-json\/wp\/v2\/pages"}],"about":[{"href":"https:\/\/turmoildesign.com\/en\/wp-json\/wp\/v2\/types\/page"}],"author":[{"embeddable":true,"href":"https:\/\/turmoildesign.com\/en\/wp-json\/wp\/v2\/users\/1"}],"replies":[{"embeddable":true,"href":"https:\/\/turmoildesign.com\/en\/wp-json\/wp\/v2\/comments?post=256"}],"version-history":[{"count":34,"href":"https:\/\/turmoildesign.com\/en\/wp-json\/wp\/v2\/pages\/256\/revisions"}],"predecessor-version":[{"id":501,"href":"https:\/\/turmoildesign.com\/en\/wp-json\/wp\/v2\/pages\/256\/revisions\/501"}],"wp:attachment":[{"href":"https:\/\/turmoildesign.com\/en\/wp-json\/wp\/v2\/media?parent=256"}],"curies":[{"name":"wp","href":"https:\/\/api.w.org\/{rel}","templated":true}]}}